{"id":192,"date":"2016-10-23T20:40:32","date_gmt":"2016-10-23T20:40:32","guid":{"rendered":"http:\/\/www.loxisco.com\/Web\/?page_id=192"},"modified":"2016-11-22T17:13:19","modified_gmt":"2016-11-22T17:13:19","slug":"bus-limusina","status":"publish","type":"page","link":"http:\/\/www.loxisco.com\/Web\/bus-limusina\/","title":{"rendered":"Bus limusina"},"content":{"rendered":"<h3>Le presentamos nuestro exclusivo bus limusina. Equipado con zonas habilitadas para la circulaci\u00f3n por carretera,\u00a0zona de relax con sof\u00e1s amplios y confortables, TV, nevera, bodega, WC&#8230;<\/h3>\n<h3>\u00a1Y lo m\u00e1s exclusivo! Dos compartimentos habilitados con camas para el descanso nocturno de sus ocupantes.<\/h3>\n<p>&nbsp;<\/p>\n<p>Un veh\u00edculo ideal para celebraciones y eventos de todo tipo: cumplea\u00f1os, graduaciones, despedidas de soltero\/a, tours nocturnos, tours por la ciudad, convenciones de empresas, viajes en grupo\u2026<\/p>\n<p>En el interior del bus pueden ir legalmente 10 personas (incluido conductor), pues deben ir sentadas en los asientos delanteros.\u00a0Tras los asientos, se accede a la zona de Relax, donde se dispone de tres sof\u00e1s muy confortables, TV, nevera , bodega y el acceso al W.C.<\/p>\n<p>A continuaci\u00f3n de la zona de Relax, se accede por una puerta opaca a la zona de descanso. En el primer compartimento se encuentran dos literas(una a cada lado), haciendo un total de 4 camas individuales. En el segundo y \u00faltimo compartimento se ubica la Suit Matrimonial, separada igualmente de la zona anterior por una puerta de madera opaca.<\/p>\n<p>El exterior del bus es una valla publicitaria ideal, pudiendo rotularse al gusto de cualquier empresa que quiera dar a conocer su producto o marca. Dispone de una gran presencia por diversos lugares, tanto en circulaci\u00f3n por carretera como estacionado en lugares estrat\u00e9gicos.<\/p>\n\n\t\t<style type=\"text\/css\">\n\t\t\t#gallery-1 {\n\t\t\t\tmargin: auto;\n\t\t\t}\n\t\t\t#gallery-1 .gallery-item {\n\t\t\t\tfloat: left;\n\t\t\t\tmargin-top: 10px;\n\t\t\t\ttext-align: center;\n\t\t\t\twidth: 33%;\n\t\t\t}\n\t\t\t#gallery-1 img {\n\t\t\t\tborder: 2px solid #cfcfcf;\n\t\t\t}\n\t\t\t#gallery-1 .gallery-caption {\n\t\t\t\tmargin-left: 0;\n\t\t\t}\n\t\t\t\/* see gallery_shortcode() in wp-includes\/media.php *\/\n\t\t<\/style>\n\t\t<div id='gallery-1' class='gallery galleryid-192 gallery-columns-3 gallery-size-thumbnail'><dl class='gallery-item'>\n\t\t\t<dt class='gallery-icon landscape'>\n\t\t\t\t<a href='http:\/\/www.loxisco.com\/Web\/bus-limusina\/attachment\/5\/'><img width=\"480\" height=\"280\" src=\"http:\/\/www.loxisco.com\/Web\/wp-content\/uploads\/2016\/10\/5-480x280.jpg\" class=\"attachment-thumbnail size-thumbnail\" alt=\"\" loading=\"lazy\" aria-describedby=\"gallery-1-456\" \/><\/a>\n\t\t\t<\/dt>\n\t\t\t\t<dd class='wp-caption-text gallery-caption' id='gallery-1-456'>\n\t\t\t\tInterior bus vip\n\t\t\t\t<\/dd><\/dl><dl class='gallery-item'>\n\t\t\t<dt class='gallery-icon landscape'>\n\t\t\t\t<a href='http:\/\/www.loxisco.com\/Web\/bus-limusina\/attachment\/4\/'><img width=\"480\" height=\"280\" src=\"http:\/\/www.loxisco.com\/Web\/wp-content\/uploads\/2016\/10\/4-480x280.jpg\" class=\"attachment-thumbnail size-thumbnail\" alt=\"\" loading=\"lazy\" aria-describedby=\"gallery-1-455\" \/><\/a>\n\t\t\t<\/dt>\n\t\t\t\t<dd class='wp-caption-text gallery-caption' id='gallery-1-455'>\n\t\t\t\tInterior asientos\n\t\t\t\t<\/dd><\/dl><dl class='gallery-item'>\n\t\t\t<dt class='gallery-icon landscape'>\n\t\t\t\t<a href='http:\/\/www.loxisco.com\/Web\/bus-limusina\/attachment\/3\/'><img width=\"480\" height=\"280\" src=\"http:\/\/www.loxisco.com\/Web\/wp-content\/uploads\/2016\/10\/3-480x280.jpg\" class=\"attachment-thumbnail size-thumbnail\" alt=\"\" loading=\"lazy\" aria-describedby=\"gallery-1-454\" \/><\/a>\n\t\t\t<\/dt>\n\t\t\t\t<dd class='wp-caption-text gallery-caption' id='gallery-1-454'>\n\t\t\t\tInterior asientos\n\t\t\t\t<\/dd><\/dl><br style=\"clear: both\" \/><dl class='gallery-item'>\n\t\t\t<dt class='gallery-icon portrait'>\n\t\t\t\t<a href='http:\/\/www.loxisco.com\/Web\/bus-limusina\/attachment\/2\/'><img width=\"480\" height=\"280\" src=\"http:\/\/www.loxisco.com\/Web\/wp-content\/uploads\/2016\/10\/2-480x280.jpg\" class=\"attachment-thumbnail size-thumbnail\" alt=\"\" loading=\"lazy\" aria-describedby=\"gallery-1-453\" \/><\/a>\n\t\t\t<\/dt>\n\t\t\t\t<dd class='wp-caption-text gallery-caption' id='gallery-1-453'>\n\t\t\t\tExterior\n\t\t\t\t<\/dd><\/dl><dl class='gallery-item'>\n\t\t\t<dt class='gallery-icon portrait'>\n\t\t\t\t<a href='http:\/\/www.loxisco.com\/Web\/bus-limusina\/attachment\/1\/'><img width=\"480\" height=\"280\" src=\"http:\/\/www.loxisco.com\/Web\/wp-content\/uploads\/2016\/10\/1-480x280.jpg\" class=\"attachment-thumbnail size-thumbnail\" alt=\"\" loading=\"lazy\" aria-describedby=\"gallery-1-451\" \/><\/a>\n\t\t\t<\/dt>\n\t\t\t\t<dd class='wp-caption-text gallery-caption' id='gallery-1-451'>\n\t\t\t\tExterior trasero\n\t\t\t\t<\/dd><\/dl>\n\t\t\t<br style='clear: both' \/>\n\t\t<\/div>\n\n<p>&nbsp;<\/p>\n","protected":false},"excerpt":{"rendered":"<p>Le presentamos nuestro exclusivo bus limusina. Equipado con zonas habilitadas para la circulaci\u00f3n por carretera,\u00a0zona de relax con sof\u00e1s amplios y confortables, TV, nevera, bodega, WC&#8230; \u00a1Y lo m\u00e1s exclusivo! Dos compartimentos habilitados con camas para el descanso nocturno de sus ocupantes. &nbsp; Un veh\u00edculo ideal para celebraciones y eventos de todo tipo: cumplea\u00f1os, graduaciones, [&hellip;]<\/p>\n","protected":false},"author":1,"featured_media":0,"parent":0,"menu_order":0,"comment_status":"closed","ping_status":"closed","template":"","meta":{"_et_pb_use_builder":"","_et_pb_old_content":""},"yoast_head":"<!-- This site is optimized with the Yoast SEO plugin v18.0 - https:\/\/yoast.com\/wordpress\/plugins\/seo\/ -->\n<title>Bus limusina - Loxisco Galicia<\/title>\n<meta name=\"description\" content=\"\u00bfNunca has so\u00f1ado con viajar en limusina? Nosotros tenemos algo mejor para ofrecerte... \u00a1un bus limusina! Has le\u00eddo bien, \u00a1pasen y vean!\" \/>\n<meta name=\"robots\" content=\"index, follow, max-snippet:-1, max-image-preview:large, max-video-preview:-1\" \/>\n<link rel=\"canonical\" href=\"http:\/\/www.loxisco.com\/Web\/bus-limusina\/\" \/>\n<meta property=\"og:locale\" content=\"es_ES\" \/>\n<meta property=\"og:type\" content=\"article\" \/>\n<meta property=\"og:title\" content=\"Bus limusina - Loxisco Galicia\" \/>\n<meta property=\"og:description\" content=\"\u00bfNunca has so\u00f1ado con viajar en limusina? Nosotros tenemos algo mejor para ofrecerte... \u00a1un bus limusina! Has le\u00eddo bien, \u00a1pasen y vean!\" \/>\n<meta property=\"og:url\" content=\"http:\/\/www.loxisco.com\/Web\/bus-limusina\/\" \/>\n<meta property=\"og:site_name\" content=\"Loxisco Galicia\" \/>\n<meta property=\"article:publisher\" content=\"https:\/\/www.facebook.com\/profile.php?id=100008399587092&amp;amp%3bfref=ts\" \/>\n<meta property=\"article:modified_time\" content=\"2016-11-22T17:13:19+00:00\" \/>\n<meta property=\"og:image\" content=\"http:\/\/www.loxisco.com\/Web\/wp-content\/uploads\/2016\/10\/5-480x280.jpg\" \/>\n<meta name=\"twitter:card\" content=\"summary\" \/>\n<meta name=\"twitter:label1\" content=\"Tiempo de lectura\" \/>\n\t<meta name=\"twitter:data1\" content=\"1 minuto\" \/>\n<script type=\"application\/ld+json\" class=\"yoast-schema-graph\">{\"@context\":\"https:\/\/schema.org\",\"@graph\":[{\"@type\":\"WebSite\",\"@id\":\"http:\/\/www.loxisco.com\/Web\/#website\",\"url\":\"http:\/\/www.loxisco.com\/Web\/\",\"name\":\"Loxisco Galicia\",\"description\":\"Servicio de catering integral\",\"potentialAction\":[{\"@type\":\"SearchAction\",\"target\":{\"@type\":\"EntryPoint\",\"urlTemplate\":\"http:\/\/www.loxisco.com\/Web\/?s={search_term_string}\"},\"query-input\":\"required name=search_term_string\"}],\"inLanguage\":\"es\"},{\"@type\":\"WebPage\",\"@id\":\"http:\/\/www.loxisco.com\/Web\/bus-limusina\/#webpage\",\"url\":\"http:\/\/www.loxisco.com\/Web\/bus-limusina\/\",\"name\":\"Bus limusina - Loxisco Galicia\",\"isPartOf\":{\"@id\":\"http:\/\/www.loxisco.com\/Web\/#website\"},\"datePublished\":\"2016-10-23T20:40:32+00:00\",\"dateModified\":\"2016-11-22T17:13:19+00:00\",\"description\":\"\u00bfNunca has so\u00f1ado con viajar en limusina? Nosotros tenemos algo mejor para ofrecerte... \u00a1un bus limusina! Has le\u00eddo bien, \u00a1pasen y vean!\",\"breadcrumb\":{\"@id\":\"http:\/\/www.loxisco.com\/Web\/bus-limusina\/#breadcrumb\"},\"inLanguage\":\"es\",\"potentialAction\":[{\"@type\":\"ReadAction\",\"target\":[\"http:\/\/www.loxisco.com\/Web\/bus-limusina\/\"]}]},{\"@type\":\"BreadcrumbList\",\"@id\":\"http:\/\/www.loxisco.com\/Web\/bus-limusina\/#breadcrumb\",\"itemListElement\":[{\"@type\":\"ListItem\",\"position\":1,\"name\":\"Portada\",\"item\":\"http:\/\/www.loxisco.com\/Web\/\"},{\"@type\":\"ListItem\",\"position\":2,\"name\":\"Bus limusina\"}]}]}<\/script>\n<!-- \/ Yoast SEO plugin. -->","yoast_head_json":{"title":"Bus limusina - Loxisco Galicia","description":"\u00bfNunca has so\u00f1ado con viajar en limusina? Nosotros tenemos algo mejor para ofrecerte... \u00a1un bus limusina! Has le\u00eddo bien, \u00a1pasen y vean!","robots":{"index":"index","follow":"follow","max-snippet":"max-snippet:-1","max-image-preview":"max-image-preview:large","max-video-preview":"max-video-preview:-1"},"canonical":"http:\/\/www.loxisco.com\/Web\/bus-limusina\/","og_locale":"es_ES","og_type":"article","og_title":"Bus limusina - Loxisco Galicia","og_description":"\u00bfNunca has so\u00f1ado con viajar en limusina? Nosotros tenemos algo mejor para ofrecerte... \u00a1un bus limusina! Has le\u00eddo bien, \u00a1pasen y vean!","og_url":"http:\/\/www.loxisco.com\/Web\/bus-limusina\/","og_site_name":"Loxisco Galicia","article_publisher":"https:\/\/www.facebook.com\/profile.php?id=100008399587092&amp%3bfref=ts","article_modified_time":"2016-11-22T17:13:19+00:00","og_image":[{"url":"http:\/\/www.loxisco.com\/Web\/wp-content\/uploads\/2016\/10\/5-480x280.jpg"}],"twitter_card":"summary","twitter_misc":{"Tiempo de lectura":"1 minuto"},"schema":{"@context":"https:\/\/schema.org","@graph":[{"@type":"WebSite","@id":"http:\/\/www.loxisco.com\/Web\/#website","url":"http:\/\/www.loxisco.com\/Web\/","name":"Loxisco Galicia","description":"Servicio de catering integral","potentialAction":[{"@type":"SearchAction","target":{"@type":"EntryPoint","urlTemplate":"http:\/\/www.loxisco.com\/Web\/?s={search_term_string}"},"query-input":"required name=search_term_string"}],"inLanguage":"es"},{"@type":"WebPage","@id":"http:\/\/www.loxisco.com\/Web\/bus-limusina\/#webpage","url":"http:\/\/www.loxisco.com\/Web\/bus-limusina\/","name":"Bus limusina - Loxisco Galicia","isPartOf":{"@id":"http:\/\/www.loxisco.com\/Web\/#website"},"datePublished":"2016-10-23T20:40:32+00:00","dateModified":"2016-11-22T17:13:19+00:00","description":"\u00bfNunca has so\u00f1ado con viajar en limusina? Nosotros tenemos algo mejor para ofrecerte... \u00a1un bus limusina! Has le\u00eddo bien, \u00a1pasen y vean!","breadcrumb":{"@id":"http:\/\/www.loxisco.com\/Web\/bus-limusina\/#breadcrumb"},"inLanguage":"es","potentialAction":[{"@type":"ReadAction","target":["http:\/\/www.loxisco.com\/Web\/bus-limusina\/"]}]},{"@type":"BreadcrumbList","@id":"http:\/\/www.loxisco.com\/Web\/bus-limusina\/#breadcrumb","itemListElement":[{"@type":"ListItem","position":1,"name":"Portada","item":"http:\/\/www.loxisco.com\/Web\/"},{"@type":"ListItem","position":2,"name":"Bus limusina"}]}]}},"_links":{"self":[{"href":"http:\/\/www.loxisco.com\/Web\/wp-json\/wp\/v2\/pages\/192"}],"collection":[{"href":"http:\/\/www.loxisco.com\/Web\/wp-json\/wp\/v2\/pages"}],"about":[{"href":"http:\/\/www.loxisco.com\/Web\/wp-json\/wp\/v2\/types\/page"}],"author":[{"embeddable":true,"href":"http:\/\/www.loxisco.com\/Web\/wp-json\/wp\/v2\/users\/1"}],"replies":[{"embeddable":true,"href":"http:\/\/www.loxisco.com\/Web\/wp-json\/wp\/v2\/comments?post=192"}],"version-history":[{"count":10,"href":"http:\/\/www.loxisco.com\/Web\/wp-json\/wp\/v2\/pages\/192\/revisions"}],"predecessor-version":[{"id":464,"href":"http:\/\/www.loxisco.com\/Web\/wp-json\/wp\/v2\/pages\/192\/revisions\/464"}],"wp:attachment":[{"href":"http:\/\/www.loxisco.com\/Web\/wp-json\/wp\/v2\/media?parent=192"}],"curies":[{"name":"wp","href":"https:\/\/api.w.org\/{rel}","templated":true}]}}